{"id":100812,"date":"2018-06-26T18:06:39","date_gmt":"2018-06-26T18:06:39","guid":{"rendered":"http:\/\/preiser.com\/?page_id=100812"},"modified":"2022-11-17T22:57:00","modified_gmt":"2022-11-17T22:57:00","slug":"dilatmetros","status":"publish","type":"page","link":"https:\/\/preiser.com\/pt-pt\/produtos\/anlise\/dilatmetros\/","title":{"rendered":"Dilat\u00f4metros"},"content":{"rendered":"<p>O novo design aprimorado da s\u00e9rie de dilat\u00f4metros Preiser \u00e9 usado para determinar as caracter\u00edsticas de expans\u00e3o e contra\u00e7\u00e3o do carv\u00e3o e amplia a capacidade anal\u00edtica para um n\u00edvel mais alto de funcionalidade e usabilidade. Essas unidades representam um design de instrumento completamente novo com rela\u00e7\u00e3o aos modelos anteriores. O dilat\u00f4metro usa um PC conectado a uma interface espec\u00edfica e caixa de controle Preiser. Cabeamento entre unidades e uma conex\u00e3o USB com o PC host. O forno do dilat\u00f4metro Preiser mant\u00e9m os conjuntos l\u00edderes de mercado equipados com montagem avan\u00e7ada de componentes e outras melhorias mec\u00e2nicas. O sistema totalmente autom\u00e1tico foi projetado de acordo com a norma ASTM D-5515 e as normas ISO 349 e 23873 para o m\u00e9todo de an\u00e1lise Audibert-Arnu.<\/p>\n<p>Os kits de expans\u00e3o de dilat\u00f4metro e plast\u00f4metro permitem transformar o dilat\u00f4metro b\u00e1sico em um multi-instrumento, incorporando uma variedade de at\u00e9 4 tipos de dilat\u00f4metro e\/ou plast\u00f4metro desejados. Cada kit \u00e9 fornecido com seus pr\u00f3prios acess\u00f3rios, permitindo que cada unidade atue como um sistema independente operando com um controlador.<\/p>\n<ul>\n<li>Windows 10 com f\u00e1cil upgrade futuro<\/li>\n<li>Interface e recursos de relat\u00f3rio aprimorados<\/li>\n<li>Calibra\u00e7\u00e3o f\u00e1cil de termopar e LVDTs<\/li>\n<li>Melhor controle de temperatura do forno<\/li>\n<li>Resumo dos resultados do teste em PDF<\/li>\n<li>Dimens\u00f5es: 35 pol. (A) x 36 pol. (L) x 36 pol. (P) (88,90&nbsp;cm x 91,44&nbsp;cm x 91,44&nbsp;cm); peso para transporte: 396 lb. (179,62&nbsp;kg)<\/li>\n<\/ul>\n<table>\n<tbody>\n<tr>\n<th>N\u00ba cat.<\/th>\n<th>Descri\u00e7\u00e3o<\/th>\n<th>Tens\u00e3o\/fase\/Hz<\/th>\n<\/tr>\n<tr>\n<td>Z91-3410-01<\/td>\n<td>Conjunto de dilat\u00f4metro<\/td>\n<td>240&nbsp;V; monof\u00e1sico; 50\u201360&nbsp;Hz<\/td>\n<\/tr>\n<\/tbody>\n<\/table>\n<p><strong>Kits de expans\u00e3o<\/strong><\/p>\n<table>\n<tbody>\n<tr>\n<th>N\u00ba cat.<\/th>\n<th>Descri\u00e7\u00e3o<\/th>\n<\/tr>\n<tr>\n<td>Z91-3410-02<\/td>\n<td>Kit de expans\u00e3o para dilat\u00f4metro<\/td>\n<\/tr>\n<tr>\n<td>Z91-3400-02<\/td>\n<td>Kit de expans\u00e3o para plast\u00f4metro<\/td>\n<\/tr>\n<\/tbody>\n<\/table>\n","protected":false},"excerpt":{"rendered":"<p>O novo design aprimorado da s\u00e9rie de dilat\u00f4metros Preiser \u00e9 usado para determinar as caracter\u00edsticas de expans\u00e3o e contra\u00e7\u00e3o do carv\u00e3o e amplia a capacidade anal\u00edtica para um n\u00edvel mais alto de funcionalidade e usabilidade. Essas unidades representam um design de instrumento completamente novo com rela\u00e7\u00e3o aos modelos anteriores. O dilat\u00f4metro usa um PC conectado [&hellip;]<\/p>\n","protected":false},"author":1,"featured_media":100879,"parent":100793,"menu_order":0,"comment_status":"closed","ping_status":"closed","template":"product.php","meta":{"_et_pb_use_builder":"","_et_pb_old_content":"","_et_gb_content_width":""},"acf":[],"_links":{"self":[{"href":"https:\/\/preiser.com\/pt-pt\/wp-json\/wp\/v2\/pages\/100812"}],"collection":[{"href":"https:\/\/preiser.com\/pt-pt\/wp-json\/wp\/v2\/pages"}],"about":[{"href":"https:\/\/preiser.com\/pt-pt\/wp-json\/wp\/v2\/types\/page"}],"author":[{"embeddable":true,"href":"https:\/\/preiser.com\/pt-pt\/wp-json\/wp\/v2\/users\/1"}],"replies":[{"embeddable":true,"href":"https:\/\/preiser.com\/pt-pt\/wp-json\/wp\/v2\/comments?post=100812"}],"version-history":[{"count":1,"href":"https:\/\/preiser.com\/pt-pt\/wp-json\/wp\/v2\/pages\/100812\/revisions"}],"predecessor-version":[{"id":100880,"href":"https:\/\/preiser.com\/pt-pt\/wp-json\/wp\/v2\/pages\/100812\/revisions\/100880"}],"up":[{"embeddable":true,"href":"https:\/\/preiser.com\/pt-pt\/wp-json\/wp\/v2\/pages\/100793"}],"wp:featuredmedia":[{"embeddable":true,"href":"https:\/\/preiser.com\/pt-pt\/wp-json\/wp\/v2\/media\/100879"}],"wp:attachment":[{"href":"https:\/\/preiser.com\/pt-pt\/wp-json\/wp\/v2\/media?parent=100812"}],"curies":[{"name":"wp","href":"https:\/\/api.w.org\/{rel}","templated":true}]}}