{"id":100816,"date":"2018-06-26T18:11:17","date_gmt":"2018-06-26T18:11:17","guid":{"rendered":"http:\/\/preiser.com\/?page_id=100816"},"modified":"2022-11-17T22:56:59","modified_gmt":"2022-11-17T22:56:59","slug":"aparato-para-ndice-de-inchamento-livre","status":"publish","type":"page","link":"https:\/\/preiser.com\/pt-pt\/produtos\/anlise\/aparato-para-ndice-de-inchamento-livre\/","title":{"rendered":"Aparato para \u00edndice de inchamento livre"},"content":{"rendered":"<p>Usado para se determinar o \u00edndice de inchamento livre do carv\u00e3o no m\u00e9todo de forno el\u00e9trico, de acordo com a norma ASTM D-720. O ensaio do \u00edndice de inchamento livre \u00e9 um m\u00e9todo emp\u00edrico, r\u00e1pido e de pequena escala para medir as propriedades de inchamento livre do carv\u00e3o. Os resultados do teste podem ser usados como um indicador das caracter\u00edsticas de coqueifica\u00e7\u00e3o do carv\u00e3o, e tamb\u00e9m foram utilizados como um \u00edndice do grau de oxida\u00e7\u00e3o ou intemperiza\u00e7\u00e3o do carv\u00e3o. M\u00e9todo r\u00e1pido, f\u00e1cil, de pequena escala e emp\u00edrico para a medi\u00e7\u00e3o das propriedades de inchamento livre do carv\u00e3o.<\/p>\n<p>Dimens\u00f5es: 12 pol. (A) x 24 pol. (L) x 24 pol. (P) (30,48&nbsp;cm x 60,96&nbsp;cm x 60,96&nbsp;cm); peso para transporte: 81 lb. (36,74&nbsp;kg)<\/p>\n<table>\n<tbody>\n<tr>\n<th>N\u00ba cat.<\/th>\n<th>Descri\u00e7\u00e3o<\/th>\n<th>Tens\u00e3o\/fase\/Hz<\/th>\n<\/tr>\n<tr>\n<td>FRS-41000A4<\/td>\n<td>\u00cdndice de inchamento livre<\/td>\n<td>230&nbsp;V; monof\u00e1sico; 50&nbsp;Hz<\/td>\n<\/tr>\n<tr>\n<td>FRS-41000A1<\/td>\n<td>\u00cdndice de inchamento livre<\/td>\n<td>115&nbsp;V; monof\u00e1sico; 60&nbsp;Hz<\/td>\n<\/tr>\n<tr>\n<td>FRS-41000A3<\/td>\n<td>\u00cdndice de inchamento livre<\/td>\n<td>230&nbsp;V; monof\u00e1sico; 60&nbsp;Hz<\/td>\n<\/tr>\n<\/tbody>\n<\/table>\n","protected":false},"excerpt":{"rendered":"<p>Usado para se determinar o \u00edndice de inchamento livre do carv\u00e3o no m\u00e9todo de forno el\u00e9trico, de acordo com a norma ASTM D-720. O ensaio do \u00edndice de inchamento livre \u00e9 um m\u00e9todo emp\u00edrico, r\u00e1pido e de pequena escala para medir as propriedades de inchamento livre do carv\u00e3o. Os resultados do teste podem ser usados [&hellip;]<\/p>\n","protected":false},"author":1,"featured_media":100881,"parent":100793,"menu_order":0,"comment_status":"closed","ping_status":"closed","template":"product.php","meta":{"_et_pb_use_builder":"","_et_pb_old_content":"","_et_gb_content_width":""},"acf":[],"_links":{"self":[{"href":"https:\/\/preiser.com\/pt-pt\/wp-json\/wp\/v2\/pages\/100816"}],"collection":[{"href":"https:\/\/preiser.com\/pt-pt\/wp-json\/wp\/v2\/pages"}],"about":[{"href":"https:\/\/preiser.com\/pt-pt\/wp-json\/wp\/v2\/types\/page"}],"author":[{"embeddable":true,"href":"https:\/\/preiser.com\/pt-pt\/wp-json\/wp\/v2\/users\/1"}],"replies":[{"embeddable":true,"href":"https:\/\/preiser.com\/pt-pt\/wp-json\/wp\/v2\/comments?post=100816"}],"version-history":[{"count":1,"href":"https:\/\/preiser.com\/pt-pt\/wp-json\/wp\/v2\/pages\/100816\/revisions"}],"predecessor-version":[{"id":100882,"href":"https:\/\/preiser.com\/pt-pt\/wp-json\/wp\/v2\/pages\/100816\/revisions\/100882"}],"up":[{"embeddable":true,"href":"https:\/\/preiser.com\/pt-pt\/wp-json\/wp\/v2\/pages\/100793"}],"wp:featuredmedia":[{"embeddable":true,"href":"https:\/\/preiser.com\/pt-pt\/wp-json\/wp\/v2\/media\/100881"}],"wp:attachment":[{"href":"https:\/\/preiser.com\/pt-pt\/wp-json\/wp\/v2\/media?parent=100816"}],"curies":[{"name":"wp","href":"https:\/\/api.w.org\/{rel}","templated":true}]}}