{"id":100822,"date":"2018-06-26T18:14:46","date_gmt":"2018-06-26T18:14:46","guid":{"rendered":"http:\/\/preiser.com\/?page_id=100822"},"modified":"2022-11-17T22:57:01","modified_gmt":"2022-11-17T22:57:01","slug":"equipamento-para-teste-de-moabilidade-hardgrove","status":"publish","type":"page","link":"https:\/\/preiser.com\/pt-pt\/produtos\/anlise\/equipamento-para-teste-de-moabilidade-hardgrove\/","title":{"rendered":"Equipamento para teste de moabilidade (Hardgrove)"},"content":{"rendered":"<p>O equipamento para teste de moabilidade Preiser Scientific \u00e9 um instrumento compacto de precis\u00e3o projetado especificamente para a determina\u00e7\u00e3o da \u201cdureza\u201d relativa ou potencial abrasivo do carv\u00e3o. Ele \u00e9 fabricado cumprindo estritamente a norma ASTM de designa\u00e7\u00e3o D-409 e em conformidade com os procedimentos propostos pela norma ISO para a determina\u00e7\u00e3o do \u00edndice de moabilidade (Hardgrove) para carv\u00e3o e coque.<\/p>\n<ul>\n<li>O recipiente estacion\u00e1rio inferior de a\u00e7o para moagem \u00e9 acoplado com um anel de moagem \u00e0 parte superior, composto por oito bolas de a\u00e7o que giram a 20&nbsp;rpm.<\/li>\n<li>O anel de moagem gira por um eixo impulsionado por um motor e uma correia, no qual s\u00e3o adicionados 29&nbsp;kg de pesos remov\u00edveis, que exercem press\u00e3o sobre as oito bolas rotativas.<\/li>\n<li>Um conjunto de contador\/chave conta o n\u00famero total de revolu\u00e7\u00f5es e para automaticamente a m\u00e1quina ao completar 60 revolu\u00e7\u00f5es.<\/li>\n<li>Carregar a amostra \u00e9 extremamente f\u00e1cil por causa do design da m\u00e1quina.<\/li>\n<li>Praticamente, a m\u00e1quina n\u00e3o precisa de manuten\u00e7\u00e3o porque s\u00e3o usados materiais de alta qualidade e dur\u00e1veis em sua fabrica\u00e7\u00e3o.<\/li>\n<li>Dimens\u00f5es: 25 pol. (A) x 24 pol. (L) x 18 pol. (P) (63,50&nbsp;cm x 60,96&nbsp;cm x 45,72&nbsp;cm); peso para transporte: 312&nbsp;lb. (141,52&nbsp;kg)<\/li>\n<\/ul>\n<table>\n<tbody>\n<tr>\n<th>N\u00ba cat.<\/th>\n<th>Descri\u00e7\u00e3o<\/th>\n<th>Tens\u00e3o\/fase\/Hz<\/th>\n<\/tr>\n<tr>\n<td>Z90-9300-01<\/td>\n<td>Unidade para teste de moabilidade (Hardgrove)<\/td>\n<td>115&nbsp;V; monof\u00e1sico; 60&nbsp;Hz<\/td>\n<\/tr>\n<tr>\n<td>Z90-9301-01<\/td>\n<td>Unidade para teste de moabilidade (Hardgrove)<\/td>\n<td>230&nbsp;V; monof\u00e1sico; 50&nbsp;Hz<\/td>\n<\/tr>\n<tr>\n<td>Z90-9301-02<\/td>\n<td>Unidade para teste de moabilidade (Hardgrove)<\/td>\n<td>230&nbsp;V; monof\u00e1sico; 60&nbsp;Hz<\/td>\n<\/tr>\n<\/tbody>\n<\/table>\n","protected":false},"excerpt":{"rendered":"<p>O equipamento para teste de moabilidade Preiser Scientific \u00e9 um instrumento compacto de precis\u00e3o projetado especificamente para a determina\u00e7\u00e3o da \u201cdureza\u201d relativa ou potencial abrasivo do carv\u00e3o. Ele \u00e9 fabricado cumprindo estritamente a norma ASTM de designa\u00e7\u00e3o D-409 e em conformidade com os procedimentos propostos pela norma ISO para a determina\u00e7\u00e3o do \u00edndice de moabilidade [&hellip;]<\/p>\n","protected":false},"author":1,"featured_media":100883,"parent":100793,"menu_order":0,"comment_status":"closed","ping_status":"closed","template":"product.php","meta":{"_et_pb_use_builder":"","_et_pb_old_content":"","_et_gb_content_width":""},"acf":[],"_links":{"self":[{"href":"https:\/\/preiser.com\/pt-pt\/wp-json\/wp\/v2\/pages\/100822"}],"collection":[{"href":"https:\/\/preiser.com\/pt-pt\/wp-json\/wp\/v2\/pages"}],"about":[{"href":"https:\/\/preiser.com\/pt-pt\/wp-json\/wp\/v2\/types\/page"}],"author":[{"embeddable":true,"href":"https:\/\/preiser.com\/pt-pt\/wp-json\/wp\/v2\/users\/1"}],"replies":[{"embeddable":true,"href":"https:\/\/preiser.com\/pt-pt\/wp-json\/wp\/v2\/comments?post=100822"}],"version-history":[{"count":1,"href":"https:\/\/preiser.com\/pt-pt\/wp-json\/wp\/v2\/pages\/100822\/revisions"}],"predecessor-version":[{"id":100884,"href":"https:\/\/preiser.com\/pt-pt\/wp-json\/wp\/v2\/pages\/100822\/revisions\/100884"}],"up":[{"embeddable":true,"href":"https:\/\/preiser.com\/pt-pt\/wp-json\/wp\/v2\/pages\/100793"}],"wp:featuredmedia":[{"embeddable":true,"href":"https:\/\/preiser.com\/pt-pt\/wp-json\/wp\/v2\/media\/100883"}],"wp:attachment":[{"href":"https:\/\/preiser.com\/pt-pt\/wp-json\/wp\/v2\/media?parent=100822"}],"curies":[{"name":"wp","href":"https:\/\/api.w.org\/{rel}","templated":true}]}}