{"id":100826,"date":"2018-06-26T18:19:51","date_gmt":"2018-06-26T18:19:51","guid":{"rendered":"http:\/\/preiser.com\/?page_id=100826"},"modified":"2022-11-17T22:57:01","modified_gmt":"2022-11-17T22:57:01","slug":"fornos-de-umidade","status":"publish","type":"page","link":"https:\/\/preiser.com\/pt-pt\/produtos\/anlise\/fornos-de-umidade\/","title":{"rendered":"Fornos de umidade"},"content":{"rendered":"<p>O forno de umidade Preiser modelo 100 foi projetado para determinar o teor de umidade do carv\u00e3o de acordo com a norma ASTM D3173. Consiste em um forno de baixa temperatura especialmente projetado com um sistema de controle de temperatura por microprocessadores para a secagem de amostras a at\u00e9 115&nbsp;\u00b0C.<\/p>\n<ul>\n<li>O forno, os controles e o sistema de ar est\u00e3o alojados em um gabinete compacto de mesa.<\/li>\n<li>A c\u00e2mara de secagem cil\u00edndrica de a\u00e7o inox mede 8 pol. (20,32&nbsp;cm) de di\u00e2metro x 9,5 pol. (24,13&nbsp;cm) de profundidade.<\/li>\n<li>O ar de entrada atravessa o medidor de fluxo de controle manual, ajust\u00e1vel de 0\u201325&nbsp;l\/min.<\/li>\n<li>Depois de passar pelo medidor de fluxo, \u00e9 pr\u00e9-aquecido e entra na c\u00e2mara do forno, passa sobre as amostras e sai pela porta de escape instalada na parte traseira.<\/li>\n<li>O acess\u00f3rio Z91-1632-05 e as bandejas combinadas de cadinho\/pesa-filtro Z91-1632-06 permitem a conveni\u00eancia da secagem de m\u00faltiplas amostras simultaneamente. Devem ser pedidos separadamente, se necess\u00e1rio.<\/li>\n<li>Dimens\u00f5es: 20 pol. (L) x 19 pol. (P) x 15 pol. (A) (50,80&nbsp;cm x 48,26&nbsp;cm x 38,10&nbsp;cm); peso para transporte: 102&nbsp;lb. (46,27&nbsp;kg)<\/li>\n<\/ul>\n<table>\n<tbody>\n<tr>\n<th>N\u00ba cat.<\/th>\n<th>Descri\u00e7\u00e3o<\/th>\n<th>Tens\u00e3o\/fase\/Hz<\/th>\n<\/tr>\n<tr>\n<td>Z91-1632-01<\/td>\n<td>Forno de umidade<\/td>\n<td>115&nbsp;V; monof\u00e1sico; 50\u201360&nbsp;Hz<\/td>\n<\/tr>\n<tr>\n<td>Z91-1632-02<\/td>\n<td>Forno de umidade<\/td>\n<td>230&nbsp;V; monof\u00e1sico; 50\u201360&nbsp;Hz<\/td>\n<\/tr>\n<tr>\n<td>Z91-1632-05<\/td>\n<td>Bandeja combinada de cadinho superior<\/td>\n<td><\/td>\n<\/tr>\n<tr>\n<td>Z91-1632-06<\/td>\n<td>Bandeja combinada de cadinho inferior<\/td>\n<td><\/td>\n<\/tr>\n<\/tbody>\n<\/table>\n","protected":false},"excerpt":{"rendered":"<p>O forno de umidade Preiser modelo 100 foi projetado para determinar o teor de umidade do carv\u00e3o de acordo com a norma ASTM D3173. Consiste em um forno de baixa temperatura especialmente projetado com um sistema de controle de temperatura por microprocessadores para a secagem de amostras a at\u00e9 115&nbsp;\u00b0C. O forno, os controles e [&hellip;]<\/p>\n","protected":false},"author":1,"featured_media":100885,"parent":100793,"menu_order":0,"comment_status":"closed","ping_status":"closed","template":"product.php","meta":{"_et_pb_use_builder":"","_et_pb_old_content":"","_et_gb_content_width":""},"acf":[],"_links":{"self":[{"href":"https:\/\/preiser.com\/pt-pt\/wp-json\/wp\/v2\/pages\/100826"}],"collection":[{"href":"https:\/\/preiser.com\/pt-pt\/wp-json\/wp\/v2\/pages"}],"about":[{"href":"https:\/\/preiser.com\/pt-pt\/wp-json\/wp\/v2\/types\/page"}],"author":[{"embeddable":true,"href":"https:\/\/preiser.com\/pt-pt\/wp-json\/wp\/v2\/users\/1"}],"replies":[{"embeddable":true,"href":"https:\/\/preiser.com\/pt-pt\/wp-json\/wp\/v2\/comments?post=100826"}],"version-history":[{"count":1,"href":"https:\/\/preiser.com\/pt-pt\/wp-json\/wp\/v2\/pages\/100826\/revisions"}],"predecessor-version":[{"id":100886,"href":"https:\/\/preiser.com\/pt-pt\/wp-json\/wp\/v2\/pages\/100826\/revisions\/100886"}],"up":[{"embeddable":true,"href":"https:\/\/preiser.com\/pt-pt\/wp-json\/wp\/v2\/pages\/100793"}],"wp:featuredmedia":[{"embeddable":true,"href":"https:\/\/preiser.com\/pt-pt\/wp-json\/wp\/v2\/media\/100885"}],"wp:attachment":[{"href":"https:\/\/preiser.com\/pt-pt\/wp-json\/wp\/v2\/media?parent=100826"}],"curies":[{"name":"wp","href":"https:\/\/api.w.org\/{rel}","templated":true}]}}