{"id":100830,"date":"2018-06-26T18:23:43","date_gmt":"2018-06-26T18:23:43","guid":{"rendered":"http:\/\/preiser.com\/?page_id=100830"},"modified":"2022-11-17T22:57:01","modified_gmt":"2022-11-17T22:57:01","slug":"mais-instrumentos-analticos","status":"publish","type":"page","link":"https:\/\/preiser.com\/pt-pt\/produtos\/anlise\/mais-instrumentos-analticos\/","title":{"rendered":"Mais instrumentos anal\u00edticos"},"content":{"rendered":"<p>A Preiser Scientific pode fornecer muito mais instrumentos anal\u00edticos para laborat\u00f3rios de testes:<\/p>\n<div class=\"third first\">\n<p>Balan\u00e7as anal\u00edticas<br \/>\nCalor\u00edmetros<br \/>\nMedidores de condutividade<br \/>\nDesmineralizadores<br \/>\nGabinetes dessecantes<br \/>\nTestadores de oxig\u00eanio dissolvido<br \/>\nSistemas de \u00e1gua destilada<br \/>\nFornos de secagem<br \/>\nEquipamentos para testes ambientais<br \/>\nFornos<\/p>\n<\/div>\n<div class=\"third\">\n<p>Cromat\u00f3grafos a g\u00e1s<br \/>\nPlacas aquecidas<br \/>\nEquipamentos de determina\u00e7\u00e3o magn\u00e9tica<br \/>\nMicrosc\u00f3pios<br \/>\nFornos<br \/>\nPeag\u00e2metros<br \/>\nBalan\u00e7as para densidade de polpa<br \/>\nBalan\u00e7as<br \/>\nEstereomicrosc\u00f3pios<br \/>\nAgitadores<\/p>\n<\/div>\n<div class=\"third\">\n<p>Refrat\u00f4metros<br \/>\nEspectrofot\u00f4metros<br \/>\nTelas de teste<br \/>\nAnalisadores de carv\u00e3o por TGA<br \/>\nAnalisadores de carbono org\u00e2nico total<br \/>\nEquipamentos para teste de teor mat\u00e9ria vol\u00e1til (VMC)<br \/>\nEquipamentos para teste de \u00e1gua<br \/>\nSistemas de monitoramento de \u00e1gua<\/p>\n<\/div>\n<p style=\"clear: left\">Perguntas s\u00e3o estimuladas e prontamente respondidas. <a href=\"https:\/\/preiser.com\/pt\/contato\/\">Entre em contato com a Preiser Scientific<\/a> para saber como podemos ajudar com suas necessidades anal\u00edticas.<\/p>\n","protected":false},"excerpt":{"rendered":"<p>A Preiser Scientific pode fornecer muito mais instrumentos anal\u00edticos para laborat\u00f3rios de testes: Balan\u00e7as anal\u00edticas Calor\u00edmetros Medidores de condutividade Desmineralizadores Gabinetes dessecantes Testadores de oxig\u00eanio dissolvido Sistemas de \u00e1gua destilada Fornos de secagem Equipamentos para testes ambientais Fornos Cromat\u00f3grafos a g\u00e1s Placas aquecidas Equipamentos de determina\u00e7\u00e3o magn\u00e9tica Microsc\u00f3pios Fornos Peag\u00e2metros Balan\u00e7as para densidade de polpa [&hellip;]<\/p>\n","protected":false},"author":1,"featured_media":100891,"parent":100793,"menu_order":0,"comment_status":"closed","ping_status":"closed","template":"product.php","meta":{"_et_pb_use_builder":"","_et_pb_old_content":"","_et_gb_content_width":""},"acf":[],"_links":{"self":[{"href":"https:\/\/preiser.com\/pt-pt\/wp-json\/wp\/v2\/pages\/100830"}],"collection":[{"href":"https:\/\/preiser.com\/pt-pt\/wp-json\/wp\/v2\/pages"}],"about":[{"href":"https:\/\/preiser.com\/pt-pt\/wp-json\/wp\/v2\/types\/page"}],"author":[{"embeddable":true,"href":"https:\/\/preiser.com\/pt-pt\/wp-json\/wp\/v2\/users\/1"}],"replies":[{"embeddable":true,"href":"https:\/\/preiser.com\/pt-pt\/wp-json\/wp\/v2\/comments?post=100830"}],"version-history":[{"count":1,"href":"https:\/\/preiser.com\/pt-pt\/wp-json\/wp\/v2\/pages\/100830\/revisions"}],"predecessor-version":[{"id":100892,"href":"https:\/\/preiser.com\/pt-pt\/wp-json\/wp\/v2\/pages\/100830\/revisions\/100892"}],"up":[{"embeddable":true,"href":"https:\/\/preiser.com\/pt-pt\/wp-json\/wp\/v2\/pages\/100793"}],"wp:featuredmedia":[{"embeddable":true,"href":"https:\/\/preiser.com\/pt-pt\/wp-json\/wp\/v2\/media\/100891"}],"wp:attachment":[{"href":"https:\/\/preiser.com\/pt-pt\/wp-json\/wp\/v2\/media?parent=100830"}],"curies":[{"name":"wp","href":"https:\/\/api.w.org\/{rel}","templated":true}]}}