{"id":100834,"date":"2018-06-26T19:01:22","date_gmt":"2018-06-26T19:01:22","guid":{"rendered":"http:\/\/preiser.com\/?page_id=100834"},"modified":"2022-11-17T22:57:01","modified_gmt":"2022-11-17T22:57:01","slug":"plastmetros","status":"publish","type":"page","link":"https:\/\/preiser.com\/pt-pt\/produtos\/anlise\/plastmetros\/","title":{"rendered":"Plast\u00f4metros"},"content":{"rendered":"<p>A Preiser redesenhou sua s\u00e9rie de plast\u00f4metros, usados para determinar as propriedades pl\u00e1sticas do carv\u00e3o pelo m\u00e9todo Gieseler de torque constante. Ele foi projetado para atender \u00e0s normas ASTM D-2639 e ISO 10329, fornecendo dados cr\u00edticos necess\u00e1rios para as an\u00e1lises detalhadas de carv\u00f5es para coqueifica\u00e7\u00e3o.<\/p>\n<p>O plast\u00f4metro usa um PC conectado a uma interface espec\u00edfica e a uma caixa de controle Preiser. Cabeamento entre unidades usa conex\u00e3o USB com o PC host. O cabe\u00e7ote e o pote de solda do plast\u00f4metro mant\u00eam os conjuntos l\u00edderes de mercado equipados com montagem avan\u00e7ada de componentes e outras melhorias mec\u00e2nicas.<\/p>\n<p>Os kits de expans\u00e3o de dilat\u00f4metro e plast\u00f4metro permitem transformar o plast\u00f4metro b\u00e1sico em um multi-instrumento, incorporando uma variedade de at\u00e9 4 tipos de dilat\u00f4metro e\/ou plast\u00f4metro selecionados. Cada kit \u00e9 fornecido com seus pr\u00f3prios acess\u00f3rios, permitindo que cada unidade atue como um sistema independente. Cada sistema pode operar de forma independente ou simult\u00e2nea e fornecer um aumento no rendimento nos testes de amostras.<\/p>\n<p><strong>Caracter\u00edsticas<\/strong><\/p>\n<ul>\n<li>Windows 10 com f\u00e1cil upgrade futuro<\/li>\n<li>Maior precis\u00e3o e repetibilidade<\/li>\n<li>Expans\u00edvel para quatro unidades com um controlador<\/li>\n<li>Calibra\u00e7\u00e3o f\u00e1cil do termopar<\/li>\n<li>Melhor controle de temperatura do pote de solda<\/li>\n<li>Resumo dos resultados do teste em PDF<\/li>\n<li>Dimens\u00f5es: 30 pol. (A) x 54 pol. (L) x 36 pol. (P) (76,20&nbsp;cm x 137,16&nbsp;cm x 91,44&nbsp;cm); peso para transporte: 345&nbsp;lb. (156,49&nbsp;kg)<\/li>\n<\/ul>\n<table>\n<tbody>\n<tr>\n<th>N\u00ba cat.<\/th>\n<th>Descri\u00e7\u00e3o<\/th>\n<th>Tens\u00e3o\/fase\/Hz<\/th>\n<\/tr>\n<tr>\n<td>Z91-3400-01<\/td>\n<td>Conjunto de plast\u00f4metro<\/td>\n<td>240&nbsp;V; monof\u00e1sico; 50\u201360&nbsp;Hz<\/td>\n<\/tr>\n<\/tbody>\n<\/table>\n<p><strong>Kits de expans\u00e3o para dilat\u00f4metro e plast\u00f4metro<\/strong><\/p>\n<table>\n<tbody>\n<tr>\n<th>N\u00ba cat.<\/th>\n<th>Descri\u00e7\u00e3o<\/th>\n<th>Tens\u00e3o\/fase\/Hz<\/th>\n<\/tr>\n<tr>\n<td>Z91-3400-02<\/td>\n<td>Kit de expans\u00e3o para plast\u00f4metro<\/td>\n<td>240&nbsp;V; monof\u00e1sico; 50\u201360&nbsp;Hz<\/td>\n<\/tr>\n<tr>\n<td>Z91-3410-02<\/td>\n<td>Kit de expans\u00e3o para dilat\u00f4metro<\/td>\n<td>240&nbsp;V; monof\u00e1sico; 50\u201360&nbsp;Hz<\/td>\n<\/tr>\n<\/tbody>\n<\/table>\n","protected":false},"excerpt":{"rendered":"<p>A Preiser redesenhou sua s\u00e9rie de plast\u00f4metros, usados para determinar as propriedades pl\u00e1sticas do carv\u00e3o pelo m\u00e9todo Gieseler de torque constante. Ele foi projetado para atender \u00e0s normas ASTM D-2639 e ISO 10329, fornecendo dados cr\u00edticos necess\u00e1rios para as an\u00e1lises detalhadas de carv\u00f5es para coqueifica\u00e7\u00e3o. O plast\u00f4metro usa um PC conectado a uma interface espec\u00edfica [&hellip;]<\/p>\n","protected":false},"author":1,"featured_media":100887,"parent":100793,"menu_order":0,"comment_status":"closed","ping_status":"closed","template":"product.php","meta":{"_et_pb_use_builder":"","_et_pb_old_content":"","_et_gb_content_width":""},"acf":[],"_links":{"self":[{"href":"https:\/\/preiser.com\/pt-pt\/wp-json\/wp\/v2\/pages\/100834"}],"collection":[{"href":"https:\/\/preiser.com\/pt-pt\/wp-json\/wp\/v2\/pages"}],"about":[{"href":"https:\/\/preiser.com\/pt-pt\/wp-json\/wp\/v2\/types\/page"}],"author":[{"embeddable":true,"href":"https:\/\/preiser.com\/pt-pt\/wp-json\/wp\/v2\/users\/1"}],"replies":[{"embeddable":true,"href":"https:\/\/preiser.com\/pt-pt\/wp-json\/wp\/v2\/comments?post=100834"}],"version-history":[{"count":1,"href":"https:\/\/preiser.com\/pt-pt\/wp-json\/wp\/v2\/pages\/100834\/revisions"}],"predecessor-version":[{"id":100888,"href":"https:\/\/preiser.com\/pt-pt\/wp-json\/wp\/v2\/pages\/100834\/revisions\/100888"}],"up":[{"embeddable":true,"href":"https:\/\/preiser.com\/pt-pt\/wp-json\/wp\/v2\/pages\/100793"}],"wp:featuredmedia":[{"embeddable":true,"href":"https:\/\/preiser.com\/pt-pt\/wp-json\/wp\/v2\/media\/100887"}],"wp:attachment":[{"href":"https:\/\/preiser.com\/pt-pt\/wp-json\/wp\/v2\/media?parent=100834"}],"curies":[{"name":"wp","href":"https:\/\/api.w.org\/{rel}","templated":true}]}}