{"id":100839,"date":"2018-06-26T19:04:53","date_gmt":"2018-06-26T19:04:53","guid":{"rendered":"http:\/\/preiser.com\/?page_id=100839"},"modified":"2022-11-17T22:57:02","modified_gmt":"2022-11-17T22:57:02","slug":"sistemas-mltiplos-plastmetro-e-dilatmetro","status":"publish","type":"page","link":"https:\/\/preiser.com\/pt-pt\/produtos\/anlise\/sistemas-mltiplos-plastmetro-e-dilatmetro\/","title":{"rendered":"Sistemas m\u00faltiplos \u2013 plast\u00f4metro e dilat\u00f4metro"},"content":{"rendered":"<p>Os conceitos de sistemas multiunidade da Preiser elevaram o desempenho de seus plast\u00f4metros e dilat\u00f4metros para um n\u00edvel superior de usabilidade. O plast\u00f4metro \u00e9 usado para determinar as propriedades pl\u00e1sticas do carv\u00e3o pelo m\u00e9todo Gieseler de torque constante. Ele foi projetado para atender \u00e0s normas ASTM D-2639 e ISO 10329, fornecendo dados cr\u00edticos necess\u00e1rios para as an\u00e1lises detalhadas de carv\u00f5es para coqueifica\u00e7\u00e3o. O sistema totalmente autom\u00e1tico do dilat\u00f4metro foi projetado de acordo com a norma ASTM D-5515 e as normas ISO 349 e 23873 para o m\u00e9todo de an\u00e1lise Audibert-Arnu.<\/p>\n<p>O novo design de produto da Preiser permite qualquer combina\u00e7\u00e3o de at\u00e9 quatro m\u00f3dulos de plast\u00f4metro e dilat\u00f4metro para formar um sistema multiunidade. Esta instrumenta\u00e7\u00e3o \u00fanica permite que um controlador de sistema controle at\u00e9 4 m\u00f3dulos de dilat\u00f4metros ou plast\u00f4metros, cada um com todos os acess\u00f3rios, em opera\u00e7\u00e3o simult\u00e2nea ou independente entre si. Os sistemas multiunidade oferecem maior versatilidade dos instrumentos e rendimento eficiente de testes de amostras com alta precis\u00e3o e repetibilidade usando um instrumento que ocupa relativamente pouco espa\u00e7o no laborat\u00f3rio.<\/p>\n<p>Os plast\u00f4metros e\/ou dilat\u00f4metros usam um PC conectado a uma interface espec\u00edfica e a uma caixa de controle Preiser. O cabeamento entre unidades usa conex\u00f5es USB com o PC host. O equipamento acess\u00f3rio mant\u00e9m os conjuntos l\u00edderes de mercado equipados com montagem avan\u00e7ada de componentes e outras melhorias mec\u00e2nicas com rela\u00e7\u00e3o a modelos anteriores. A caixa de interface Preiser \u00e9 equipada para permitir upgrades da multiunidade dupla b\u00e1sica para um sistema triplo ou qu\u00e1druplo com uma variedade de tipos de instrumentos (dilat\u00f4metros e\/ou plast\u00f4metros) desejados.<\/p>\n<p>Separadamente, qualquer novo modelo de dilat\u00f4metro Z91-3410-01 ou plast\u00f4metro Z91-3400-01 s\u00f3 pode ser expandido posteriormente para um instrumento m\u00faltiplo pela aquisi\u00e7\u00e3o dos kits de expans\u00e3o desejados, permitindo que o instrumento b\u00e1sico se transforme em um instrumento m\u00faltiplo que incorpora uma variedade de at\u00e9 4 tipos de instrumentos (dilat\u00f4metro e\/ou plast\u00f4metro) desejados. Cada kit \u00e9 fornecido com seus pr\u00f3prios acess\u00f3rios, permitindo que cada unidade atue como um sistema independente operando com um controlador.<\/p>\n<ul>\n<li>Windows 10 com f\u00e1cil upgrade futuro<\/li>\n<li>Maior precis\u00e3o e repetibilidade<\/li>\n<li>Interface e recursos de relat\u00f3rio aprimorados<\/li>\n<li>Expans\u00edvel para quatro unidades com um controlador<\/li>\n<li>Calibra\u00e7\u00e3o f\u00e1cil de termopar e LVDTs<\/li>\n<li>Configura\u00e7\u00e3o f\u00e1cil dos testes.<\/li>\n<li>Melhor controle de temperatura do pote de solda\/forno<\/li>\n<li>Resumo dos resultados do teste em PDF<\/li>\n<li>Dimens\u00f5es: 35 pol. (A) x 72 pol. (L) x 36 pol. (P) (88,90&nbsp;cm x 182,88&nbsp;cm x 91,44&nbsp;cm); peso: 441&nbsp;lb. (200,03&nbsp;kg)<\/li>\n<\/ul>\n<table>\n<tbody>\n<tr>\n<th>N\u00ba cat.<\/th>\n<th>Descri\u00e7\u00e3o<\/th>\n<th>Tens\u00e3o\/fase\/Hz<\/th>\n<\/tr>\n<tr>\n<td>Z91-3420-01<\/td>\n<td>Sistema combinado: 1 plast\u00f4metro\/1 dilat\u00f4metro<\/td>\n<td>240&nbsp;V; monof\u00e1sico; 50\u201360&nbsp;Hz<\/td>\n<\/tr>\n<tr>\n<td>Z91-3420-02<\/td>\n<td>Sistema combinado: 2 plast\u00f4metros<\/td>\n<td>240&nbsp;V; monof\u00e1sico; 50\u201360&nbsp;Hz<\/td>\n<\/tr>\n<tr>\n<td>Z91-3420-03<\/td>\n<td>Sistema combinado: 2 dilat\u00f4metros<\/td>\n<td>240&nbsp;V; monof\u00e1sico; 50\u201360&nbsp;Hz<\/td>\n<\/tr>\n<tr>\n<td>Z91-3420-04<\/td>\n<td>Sistema combinado: 2 plast\u00f4metros\/1 dilat\u00f4metro<\/td>\n<td>240&nbsp;V; monof\u00e1sico; 50\u201360&nbsp;Hz<\/td>\n<\/tr>\n<tr>\n<td>Z91-3420-05<\/td>\n<td>Sistema combinado: 2 dilat\u00f4metros\/1 plast\u00f4metro<\/td>\n<td>240&nbsp;V; monof\u00e1sico; 50\u201360&nbsp;Hz<\/td>\n<\/tr>\n<tr>\n<td>Z91-3420-06<\/td>\n<td>Sistema combinado: 3 plast\u00f4metros<\/td>\n<td>240&nbsp;V; monof\u00e1sico; 50\u201360&nbsp;Hz<\/td>\n<\/tr>\n<tr>\n<td>Z91-3420-07<\/td>\n<td>Sistema combinado: 3 dilat\u00f4metros<\/td>\n<td>240&nbsp;V; monof\u00e1sico; 50\u201360&nbsp;Hz<\/td>\n<\/tr>\n<tr>\n<td>Z91-3420-08<\/td>\n<td>Sistema combinado: 3 plast\u00f4metros\/1 dilat\u00f4metro<\/td>\n<td>240&nbsp;V; monof\u00e1sico; 50\u201360&nbsp;Hz<\/td>\n<\/tr>\n<tr>\n<td>Z91-3420-09<\/td>\n<td>Sistema combinado: 3 dilat\u00f4metros\/1 plast\u00f4metro<\/td>\n<td>240&nbsp;V; monof\u00e1sico; 50\u201360&nbsp;Hz<\/td>\n<\/tr>\n<tr>\n<td>Z91-3420-10<\/td>\n<td>Sistema combinado: 4 plast\u00f4metros<\/td>\n<td>240&nbsp;V; monof\u00e1sico; 50\u201360&nbsp;Hz<\/td>\n<\/tr>\n<tr>\n<td>Z91-3420-11<\/td>\n<td>Sistema combinado: 4 dilat\u00f4metros<\/td>\n<td>240&nbsp;V; monof\u00e1sico; 50\u201360&nbsp;Hz<\/td>\n<\/tr>\n<\/tbody>\n<\/table>\n<p><strong>Kits de expans\u00e3o para dilat\u00f4metro e plast\u00f4metro<\/strong><\/p>\n<table>\n<tbody>\n<tr>\n<th>N\u00ba cat.<\/th>\n<th>Descri\u00e7\u00e3o<\/th>\n<th>Tens\u00e3o\/fase\/Hz<\/th>\n<\/tr>\n<tr>\n<td>Z91-3400-02<\/td>\n<td>Kit de expans\u00e3o para plast\u00f4metro<\/td>\n<td>240&nbsp;V; monof\u00e1sico; 50\u201360&nbsp;Hz<\/td>\n<\/tr>\n<tr>\n<td>Z91-3410-02<\/td>\n<td>Kit de expans\u00e3o para dilat\u00f4metro<\/td>\n<td>240&nbsp;V; monof\u00e1sico; 50\u201360&nbsp;Hz<\/td>\n<\/tr>\n<\/tbody>\n<\/table>\n","protected":false},"excerpt":{"rendered":"<p>Os conceitos de sistemas multiunidade da Preiser elevaram o desempenho de seus plast\u00f4metros e dilat\u00f4metros para um n\u00edvel superior de usabilidade. O plast\u00f4metro \u00e9 usado para determinar as propriedades pl\u00e1sticas do carv\u00e3o pelo m\u00e9todo Gieseler de torque constante. Ele foi projetado para atender \u00e0s normas ASTM D-2639 e ISO 10329, fornecendo dados cr\u00edticos necess\u00e1rios para [&hellip;]<\/p>\n","protected":false},"author":1,"featured_media":100889,"parent":100793,"menu_order":0,"comment_status":"closed","ping_status":"closed","template":"product.php","meta":{"_et_pb_use_builder":"","_et_pb_old_content":"","_et_gb_content_width":""},"acf":[],"_links":{"self":[{"href":"https:\/\/preiser.com\/pt-pt\/wp-json\/wp\/v2\/pages\/100839"}],"collection":[{"href":"https:\/\/preiser.com\/pt-pt\/wp-json\/wp\/v2\/pages"}],"about":[{"href":"https:\/\/preiser.com\/pt-pt\/wp-json\/wp\/v2\/types\/page"}],"author":[{"embeddable":true,"href":"https:\/\/preiser.com\/pt-pt\/wp-json\/wp\/v2\/users\/1"}],"replies":[{"embeddable":true,"href":"https:\/\/preiser.com\/pt-pt\/wp-json\/wp\/v2\/comments?post=100839"}],"version-history":[{"count":1,"href":"https:\/\/preiser.com\/pt-pt\/wp-json\/wp\/v2\/pages\/100839\/revisions"}],"predecessor-version":[{"id":100890,"href":"https:\/\/preiser.com\/pt-pt\/wp-json\/wp\/v2\/pages\/100839\/revisions\/100890"}],"up":[{"embeddable":true,"href":"https:\/\/preiser.com\/pt-pt\/wp-json\/wp\/v2\/pages\/100793"}],"wp:featuredmedia":[{"embeddable":true,"href":"https:\/\/preiser.com\/pt-pt\/wp-json\/wp\/v2\/media\/100889"}],"wp:attachment":[{"href":"https:\/\/preiser.com\/pt-pt\/wp-json\/wp\/v2\/media?parent=100839"}],"curies":[{"name":"wp","href":"https:\/\/api.w.org\/{rel}","templated":true}]}}